{"id":15,"date":"2021-11-21T15:14:41","date_gmt":"2021-11-21T15:14:41","guid":{"rendered":"https:\/\/auriga.webdeboda.com\/index.php\/services\/"},"modified":"2024-01-22T17:01:02","modified_gmt":"2024-01-22T17:01:02","slug":"album-de-fotos","status":"publish","type":"page","link":"https:\/\/auriga.webdeboda.com\/index.php\/album-de-fotos\/","title":{"rendered":"\u00c1lbum  de fotos"},"content":{"rendered":"\t\t<div data-elementor-type=\"wp-page\" data-elementor-id=\"15\" class=\"elementor elementor-15\">\n\t\t\t\t\t\t<section class=\"elementor-section elementor-top-section elementor-element elementor-element-83746e8 elementor-section-height-min-height elementor-section-boxed elementor-section-height-default elementor-section-items-middle\" data-id=\"83746e8\" data-element_type=\"section\" data-settings=\"{&quot;background_background&quot;:&quot;classic&quot;}\">\n\t\t\t\t\t\t\t<div class=\"elementor-background-overlay\"><\/div>\n\t\t\t\t\t\t\t<div class=\"elementor-container elementor-column-gap-default\">\n\t\t\t\t\t<div class=\"elementor-column elementor-col-100 elementor-top-column elementor-element elementor-element-09faee3\" data-id=\"09faee3\" data-element_type=\"column\">\n\t\t\t<div class=\"elementor-widget-wrap\">\n\t\t\t\t\t\t\t<\/div>\n\t\t<\/div>\n\t\t\t\t\t<\/div>\n\t\t<\/section>\n\t\t\t\t<section class=\"elementor-section elementor-top-section elementor-element elementor-element-239d4e8 elementor-section-boxed elementor-section-height-default elementor-section-height-default\" data-id=\"239d4e8\" data-element_type=\"section\">\n\t\t\t\t\t\t<div class=\"elementor-container elementor-column-gap-default\">\n\t\t\t\t\t<div class=\"elementor-column elementor-col-100 elementor-top-column elementor-element elementor-element-72b64f5\" data-id=\"72b64f5\" data-element_type=\"column\">\n\t\t\t<div class=\"elementor-widget-wrap elementor-element-populated\">\n\t\t\t\t\t\t<div class=\"elementor-element elementor-element-4025ccd elementor-widget elementor-widget-heading\" data-id=\"4025ccd\" data-element_type=\"widget\" data-widget_type=\"heading.default\">\n\t\t\t\t<div class=\"elementor-widget-container\">\n\t\t\t\t\t<h2 class=\"elementor-heading-title elementor-size-default\">\u00c1lbum de fotos<\/h2>\t\t\t\t<\/div>\n\t\t\t\t<\/div>\n\t\t\t\t\t<\/div>\n\t\t<\/div>\n\t\t\t\t\t<\/div>\n\t\t<\/section>\n\t\t\t\t<section class=\"elementor-section elementor-top-section elementor-element elementor-element-2cdbcee elementor-section-boxed elementor-section-height-default elementor-section-height-default\" data-id=\"2cdbcee\" data-element_type=\"section\">\n\t\t\t\t\t\t<div class=\"elementor-container elementor-column-gap-default\">\n\t\t\t\t\t<div class=\"elementor-column elementor-col-100 elementor-top-column elementor-element elementor-element-4c9184e\" data-id=\"4c9184e\" data-element_type=\"column\">\n\t\t\t<div class=\"elementor-widget-wrap elementor-element-populated\">\n\t\t\t\t\t\t<div class=\"elementor-element elementor-element-7c28169 gallery-spacing-custom elementor-widget elementor-widget-image-gallery\" data-id=\"7c28169\" data-element_type=\"widget\" data-widget_type=\"image-gallery.default\">\n\t\t\t\t<div class=\"elementor-widget-container\">\n\t\t\t\t\t\t\t<div class=\"elementor-image-gallery\">\n\t\t\t<div id='gallery-1' class='gallery galleryid-15 gallery-columns-3 gallery-size-medium'><figure class='gallery-item'>\n\t\t\t<div class='gallery-icon landscape'>\n\t\t\t\t<a data-elementor-open-lightbox=\"yes\" data-elementor-lightbox-slideshow=\"7c28169\" data-elementor-lightbox-title=\"boda2\" data-e-action-hash=\"#elementor-action%3Aaction%3Dlightbox%26settings%3DeyJpZCI6MTYyOSwidXJsIjoiaHR0cHM6XC9cL2F1cmlnYS53ZWJkZWJvZGEuY29tXC93cC1jb250ZW50XC91cGxvYWRzXC8yMDIyXC8wM1wvYm9kYTIuanBlZyIsInNsaWRlc2hvdyI6IjdjMjgxNjkifQ%3D%3D\" href='https:\/\/auriga.webdeboda.com\/wp-content\/uploads\/2022\/03\/boda2.jpeg'><img fetchpriority=\"high\" decoding=\"async\" width=\"300\" height=\"200\" src=\"https:\/\/auriga.webdeboda.com\/wp-content\/uploads\/2022\/03\/boda2-300x200.jpeg\" class=\"attachment-medium size-medium\" alt=\"\" srcset=\"https:\/\/auriga.webdeboda.com\/wp-content\/uploads\/2022\/03\/boda2-300x200.jpeg 300w, https:\/\/auriga.webdeboda.com\/wp-content\/uploads\/2022\/03\/boda2-1024x683.jpeg 1024w, https:\/\/auriga.webdeboda.com\/wp-content\/uploads\/2022\/03\/boda2-768x512.jpeg 768w, https:\/\/auriga.webdeboda.com\/wp-content\/uploads\/2022\/03\/boda2.jpeg 1200w\" sizes=\"(max-width: 300px) 100vw, 300px\" \/><\/a>\n\t\t\t<\/div><\/figure><figure class='gallery-item'>\n\t\t\t<div class='gallery-icon portrait'>\n\t\t\t\t<a data-elementor-open-lightbox=\"yes\" data-elementor-lightbox-slideshow=\"7c28169\" data-elementor-lightbox-title=\"boda3\" data-e-action-hash=\"#elementor-action%3Aaction%3Dlightbox%26settings%3DeyJpZCI6MTYzMCwidXJsIjoiaHR0cHM6XC9cL2F1cmlnYS53ZWJkZWJvZGEuY29tXC93cC1jb250ZW50XC91cGxvYWRzXC8yMDIyXC8wM1wvYm9kYTMuanBlZyIsInNsaWRlc2hvdyI6IjdjMjgxNjkifQ%3D%3D\" href='https:\/\/auriga.webdeboda.com\/wp-content\/uploads\/2022\/03\/boda3.jpeg'><img decoding=\"async\" width=\"200\" height=\"300\" src=\"https:\/\/auriga.webdeboda.com\/wp-content\/uploads\/2022\/03\/boda3-200x300.jpeg\" class=\"attachment-medium size-medium\" alt=\"\" srcset=\"https:\/\/auriga.webdeboda.com\/wp-content\/uploads\/2022\/03\/boda3-200x300.jpeg 200w, https:\/\/auriga.webdeboda.com\/wp-content\/uploads\/2022\/03\/boda3-683x1024.jpeg 683w, https:\/\/auriga.webdeboda.com\/wp-content\/uploads\/2022\/03\/boda3.jpeg 700w\" sizes=\"(max-width: 200px) 100vw, 200px\" \/><\/a>\n\t\t\t<\/div><\/figure><figure class='gallery-item'>\n\t\t\t<div class='gallery-icon portrait'>\n\t\t\t\t<a data-elementor-open-lightbox=\"yes\" data-elementor-lightbox-slideshow=\"7c28169\" data-elementor-lightbox-title=\"boda4\" data-e-action-hash=\"#elementor-action%3Aaction%3Dlightbox%26settings%3DeyJpZCI6MTYzMSwidXJsIjoiaHR0cHM6XC9cL2F1cmlnYS53ZWJkZWJvZGEuY29tXC93cC1jb250ZW50XC91cGxvYWRzXC8yMDIyXC8wM1wvYm9kYTQuanBlZyIsInNsaWRlc2hvdyI6IjdjMjgxNjkifQ%3D%3D\" href='https:\/\/auriga.webdeboda.com\/wp-content\/uploads\/2022\/03\/boda4.jpeg'><img decoding=\"async\" width=\"263\" height=\"300\" src=\"https:\/\/auriga.webdeboda.com\/wp-content\/uploads\/2022\/03\/boda4-263x300.jpeg\" class=\"attachment-medium size-medium\" alt=\"\" srcset=\"https:\/\/auriga.webdeboda.com\/wp-content\/uploads\/2022\/03\/boda4-263x300.jpeg 263w, https:\/\/auriga.webdeboda.com\/wp-content\/uploads\/2022\/03\/boda4.jpeg 700w\" sizes=\"(max-width: 263px) 100vw, 263px\" \/><\/a>\n\t\t\t<\/div><\/figure><figure class='gallery-item'>\n\t\t\t<div class='gallery-icon landscape'>\n\t\t\t\t<a data-elementor-open-lightbox=\"yes\" data-elementor-lightbox-slideshow=\"7c28169\" data-elementor-lightbox-title=\"boda6\" data-e-action-hash=\"#elementor-action%3Aaction%3Dlightbox%26settings%3DeyJpZCI6MTYzMiwidXJsIjoiaHR0cHM6XC9cL2F1cmlnYS53ZWJkZWJvZGEuY29tXC93cC1jb250ZW50XC91cGxvYWRzXC8yMDIyXC8wM1wvYm9kYTYuanBlZyIsInNsaWRlc2hvdyI6IjdjMjgxNjkifQ%3D%3D\" href='https:\/\/auriga.webdeboda.com\/wp-content\/uploads\/2022\/03\/boda6.jpeg'><img loading=\"lazy\" decoding=\"async\" width=\"300\" height=\"226\" src=\"https:\/\/auriga.webdeboda.com\/wp-content\/uploads\/2022\/03\/boda6-300x226.jpeg\" class=\"attachment-medium size-medium\" alt=\"\" srcset=\"https:\/\/auriga.webdeboda.com\/wp-content\/uploads\/2022\/03\/boda6-300x226.jpeg 300w, https:\/\/auriga.webdeboda.com\/wp-content\/uploads\/2022\/03\/boda6.jpeg 473w\" sizes=\"(max-width: 300px) 100vw, 300px\" \/><\/a>\n\t\t\t<\/div><\/figure><figure class='gallery-item'>\n\t\t\t<div class='gallery-icon landscape'>\n\t\t\t\t<a data-elementor-open-lightbox=\"yes\" data-elementor-lightbox-slideshow=\"7c28169\" data-elementor-lightbox-title=\"boda7\" data-e-action-hash=\"#elementor-action%3Aaction%3Dlightbox%26settings%3DeyJpZCI6MTYzMywidXJsIjoiaHR0cHM6XC9cL2F1cmlnYS53ZWJkZWJvZGEuY29tXC93cC1jb250ZW50XC91cGxvYWRzXC8yMDIyXC8wM1wvYm9kYTcuanBlZyIsInNsaWRlc2hvdyI6IjdjMjgxNjkifQ%3D%3D\" href='https:\/\/auriga.webdeboda.com\/wp-content\/uploads\/2022\/03\/boda7.jpeg'><img loading=\"lazy\" decoding=\"async\" width=\"300\" height=\"200\" src=\"https:\/\/auriga.webdeboda.com\/wp-content\/uploads\/2022\/03\/boda7-300x200.jpeg\" class=\"attachment-medium size-medium\" alt=\"\" srcset=\"https:\/\/auriga.webdeboda.com\/wp-content\/uploads\/2022\/03\/boda7-300x200.jpeg 300w, https:\/\/auriga.webdeboda.com\/wp-content\/uploads\/2022\/03\/boda7.jpeg 612w\" sizes=\"(max-width: 300px) 100vw, 300px\" \/><\/a>\n\t\t\t<\/div><\/figure><figure class='gallery-item'>\n\t\t\t<div class='gallery-icon landscape'>\n\t\t\t\t<a data-elementor-open-lightbox=\"yes\" data-elementor-lightbox-slideshow=\"7c28169\" data-elementor-lightbox-title=\"Bride, groom and wedding guests making a toast\" data-e-action-hash=\"#elementor-action%3Aaction%3Dlightbox%26settings%3DeyJpZCI6MTYzNCwidXJsIjoiaHR0cHM6XC9cL2F1cmlnYS53ZWJkZWJvZGEuY29tXC93cC1jb250ZW50XC91cGxvYWRzXC8yMDIyXC8wM1wvYm9kYTguanBlZyIsInNsaWRlc2hvdyI6IjdjMjgxNjkifQ%3D%3D\" href='https:\/\/auriga.webdeboda.com\/wp-content\/uploads\/2022\/03\/boda8.jpeg'><img loading=\"lazy\" decoding=\"async\" width=\"300\" height=\"200\" src=\"https:\/\/auriga.webdeboda.com\/wp-content\/uploads\/2022\/03\/boda8-300x200.jpeg\" class=\"attachment-medium size-medium\" alt=\"\" srcset=\"https:\/\/auriga.webdeboda.com\/wp-content\/uploads\/2022\/03\/boda8-300x200.jpeg 300w, https:\/\/auriga.webdeboda.com\/wp-content\/uploads\/2022\/03\/boda8.jpeg 612w\" sizes=\"(max-width: 300px) 100vw, 300px\" \/><\/a>\n\t\t\t<\/div><\/figure><figure class='gallery-item'>\n\t\t\t<div class='gallery-icon landscape'>\n\t\t\t\t<a data-elementor-open-lightbox=\"yes\" data-elementor-lightbox-slideshow=\"7c28169\" data-elementor-lightbox-title=\"boda9\" data-e-action-hash=\"#elementor-action%3Aaction%3Dlightbox%26settings%3DeyJpZCI6MTYzNSwidXJsIjoiaHR0cHM6XC9cL2F1cmlnYS53ZWJkZWJvZGEuY29tXC93cC1jb250ZW50XC91cGxvYWRzXC8yMDIyXC8wM1wvYm9kYTkuanBlZyIsInNsaWRlc2hvdyI6IjdjMjgxNjkifQ%3D%3D\" href='https:\/\/auriga.webdeboda.com\/wp-content\/uploads\/2022\/03\/boda9.jpeg'><img loading=\"lazy\" decoding=\"async\" width=\"300\" height=\"200\" src=\"https:\/\/auriga.webdeboda.com\/wp-content\/uploads\/2022\/03\/boda9-300x200.jpeg\" class=\"attachment-medium size-medium\" alt=\"\" srcset=\"https:\/\/auriga.webdeboda.com\/wp-content\/uploads\/2022\/03\/boda9-300x200.jpeg 300w, https:\/\/auriga.webdeboda.com\/wp-content\/uploads\/2022\/03\/boda9.jpeg 612w\" sizes=\"(max-width: 300px) 100vw, 300px\" \/><\/a>\n\t\t\t<\/div><\/figure><figure class='gallery-item'>\n\t\t\t<div class='gallery-icon landscape'>\n\t\t\t\t<a data-elementor-open-lightbox=\"yes\" data-elementor-lightbox-slideshow=\"7c28169\" data-elementor-lightbox-title=\"boda20\" data-e-action-hash=\"#elementor-action%3Aaction%3Dlightbox%26settings%3DeyJpZCI6MTYzNywidXJsIjoiaHR0cHM6XC9cL2F1cmlnYS53ZWJkZWJvZGEuY29tXC93cC1jb250ZW50XC91cGxvYWRzXC8yMDIyXC8wM1wvYm9kYTIwLmpwZWciLCJzbGlkZXNob3ciOiI3YzI4MTY5In0%3D\" href='https:\/\/auriga.webdeboda.com\/wp-content\/uploads\/2022\/03\/boda20.jpeg'><img loading=\"lazy\" decoding=\"async\" width=\"275\" height=\"183\" src=\"https:\/\/auriga.webdeboda.com\/wp-content\/uploads\/2022\/03\/boda20.jpeg\" class=\"attachment-medium size-medium\" alt=\"\" \/><\/a>\n\t\t\t<\/div><\/figure><figure class='gallery-item'>\n\t\t\t<div class='gallery-icon landscape'>\n\t\t\t\t<a data-elementor-open-lightbox=\"yes\" data-elementor-lightbox-slideshow=\"7c28169\" data-elementor-lightbox-title=\"boda27\" data-e-action-hash=\"#elementor-action%3Aaction%3Dlightbox%26settings%3DeyJpZCI6MTYzOCwidXJsIjoiaHR0cHM6XC9cL2F1cmlnYS53ZWJkZWJvZGEuY29tXC93cC1jb250ZW50XC91cGxvYWRzXC8yMDIyXC8wM1wvYm9kYTI3LmpwZWciLCJzbGlkZXNob3ciOiI3YzI4MTY5In0%3D\" href='https:\/\/auriga.webdeboda.com\/wp-content\/uploads\/2022\/03\/boda27.jpeg'><img loading=\"lazy\" decoding=\"async\" width=\"300\" height=\"200\" src=\"https:\/\/auriga.webdeboda.com\/wp-content\/uploads\/2022\/03\/boda27-300x200.jpeg\" class=\"attachment-medium size-medium\" alt=\"\" srcset=\"https:\/\/auriga.webdeboda.com\/wp-content\/uploads\/2022\/03\/boda27-300x200.jpeg 300w, https:\/\/auriga.webdeboda.com\/wp-content\/uploads\/2022\/03\/boda27.jpeg 650w\" sizes=\"(max-width: 300px) 100vw, 300px\" \/><\/a>\n\t\t\t<\/div><\/figure>\n\t\t<\/div>\n\t\t<\/div>\n\t\t\t\t\t\t<\/div>\n\t\t\t\t<\/div>\n\t\t\t\t\t<\/div>\n\t\t<\/div>\n\t\t\t\t\t<\/div>\n\t\t<\/section>\n\t\t\t\t<section class=\"elementor-section elementor-top-section elementor-element elementor-element-a92bf94 elementor-section-boxed elementor-section-height-default elementor-section-height-default\" data-id=\"a92bf94\" data-element_type=\"section\" data-settings=\"{&quot;background_background&quot;:&quot;classic&quot;}\">\n\t\t\t\t\t\t<div class=\"elementor-container elementor-column-gap-default\">\n\t\t\t\t\t<div class=\"elementor-column elementor-col-100 elementor-top-column elementor-element elementor-element-7d00c84\" data-id=\"7d00c84\" data-element_type=\"column\">\n\t\t\t<div class=\"elementor-widget-wrap elementor-element-populated\">\n\t\t\t\t\t\t<div class=\"elementor-element elementor-element-8ce1b85 elementor-widget elementor-widget-heading\" data-id=\"8ce1b85\" data-element_type=\"widget\" data-widget_type=\"heading.default\">\n\t\t\t\t<div class=\"elementor-widget-container\">\n\t\t\t\t\t<h4 class=\"elementor-heading-title elementor-size-default\">Fotos de la boda hechas por el estudio fotogr\u00e1fico Josan<\/h4>\t\t\t\t<\/div>\n\t\t\t\t<\/div>\n\t\t\t\t<div class=\"elementor-element elementor-element-c31e03f elementor-widget elementor-widget-text-editor\" data-id=\"c31e03f\" data-element_type=\"widget\" data-widget_type=\"text-editor.default\">\n\t\t\t\t<div class=\"elementor-widget-container\">\n\t\t\t\t\t\t\t\t\t<p>Pincha en el bot\u00f3n para poder ver y comprar las fotograf\u00edas realizadas durante la boda.<\/p>\t\t\t\t\t\t\t\t<\/div>\n\t\t\t\t<\/div>\n\t\t\t\t<div class=\"elementor-element elementor-element-6e85753 elementor-align-center elementor-widget elementor-widget-button\" data-id=\"6e85753\" data-element_type=\"widget\" data-widget_type=\"button.default\">\n\t\t\t\t<div class=\"elementor-widget-container\">\n\t\t\t\t\t\t\t\t\t<div class=\"elementor-button-wrapper\">\n\t\t\t\t\t<a class=\"elementor-button elementor-button-link elementor-size-sm\" href=\"#\">\n\t\t\t\t\t\t<span class=\"elementor-button-content-wrapper\">\n\t\t\t\t\t\t\t\t\t<span class=\"elementor-button-text\">Ver fotograf\u00edas<\/span>\n\t\t\t\t\t<\/span>\n\t\t\t\t\t<\/a>\n\t\t\t\t<\/div>\n\t\t\t\t\t\t\t\t<\/div>\n\t\t\t\t<\/div>\n\t\t\t\t\t<\/div>\n\t\t<\/div>\n\t\t\t\t\t<\/div>\n\t\t<\/section>\n\t\t\t\t<section class=\"elementor-section elementor-top-section elementor-element elementor-element-793fc4a elementor-section-boxed elementor-section-height-default elementor-section-height-default\" data-id=\"793fc4a\" data-element_type=\"section\" data-settings=\"{&quot;background_background&quot;:&quot;classic&quot;}\">\n\t\t\t\t\t\t\t<div class=\"elementor-background-overlay\"><\/div>\n\t\t\t\t\t\t\t<div class=\"elementor-container elementor-column-gap-default\">\n\t\t\t\t\t<div class=\"elementor-column elementor-col-100 elementor-top-column elementor-element elementor-element-a0db11d\" data-id=\"a0db11d\" data-element_type=\"column\">\n\t\t\t<div class=\"elementor-widget-wrap\">\n\t\t\t\t\t\t\t<\/div>\n\t\t<\/div>\n\t\t\t\t\t<\/div>\n\t\t<\/section>\n\t\t\t\t<\/div>\n\t\t","protected":false},"excerpt":{"rendered":"<p>\u00c1lbum de fotos Fotos de la boda hechas por el estudio fotogr\u00e1fico Josan Pincha en el bot\u00f3n para poder ver y comprar las fotograf\u00edas realizadas durante la boda. Ver fotograf\u00edas<\/p>\n","protected":false},"author":1,"featured_media":0,"parent":0,"menu_order":0,"comment_status":"closed","ping_status":"closed","template":"","meta":{"_monsterinsights_skip_tracking":false,"_monsterinsights_sitenote_active":false,"_monsterinsights_sitenote_note":"","_monsterinsights_sitenote_category":0,"site-sidebar-layout":"no-sidebar","site-content-layout":"page-builder","ast-site-content-layout":"default","site-content-style":"default","site-sidebar-style":"default","ast-global-header-display":"","ast-banner-title-visibility":"","ast-main-header-display":"","ast-hfb-above-header-display":"","ast-hfb-below-header-display":"","ast-hfb-mobile-header-display":"","site-post-title":"disabled","ast-breadcrumbs-content":"","ast-featured-img":"disabled","footer-sml-layout":"","theme-transparent-header-meta":"enabled","adv-header-id-meta":"","stick-header-meta":"","header-above-stick-meta":"","header-main-stick-meta":"","header-below-stick-meta":"","astra-migrate-meta-layouts":"default","ast-page-background-enabled":"default","ast-page-background-meta":{"desktop":{"background-color":"var(--ast-global-color-4)","background-image":"","background-repeat":"repeat","background-position":"center center","background-size":"auto","background-attachment":"scroll","background-type":"","background-media":"","overlay-type":"","overlay-color":"","overlay-opacity":"","overlay-gradient":""},"tablet":{"background-color":"","background-image":"","background-repeat":"repeat","background-position":"center center","background-size":"auto","background-attachment":"scroll","background-type":"","background-media":"","overlay-type":"","overlay-color":"","overlay-opacity":"","overlay-gradient":""},"mobile":{"background-color":"","background-image":"","background-repeat":"repeat","background-position":"center center","background-size":"auto","background-attachment":"scroll","background-type":"","background-media":"","overlay-type":"","overlay-color":"","overlay-opacity":"","overlay-gradient":""}},"ast-content-background-meta":{"desktop":{"background-color":"var(--ast-global-color-5)","background-image":"","background-repeat":"repeat","background-position":"center center","background-size":"auto","background-attachment":"scroll","background-type":"","background-media":"","overlay-type":"","overlay-color":"","overlay-opacity":"","overlay-gradient":""},"tablet":{"background-color":"var(--ast-global-color-5)","background-image":"","background-repeat":"repeat","background-position":"center center","background-size":"auto","background-attachment":"scroll","background-type":"","background-media":"","overlay-type":"","overlay-color":"","overlay-opacity":"","overlay-gradient":""},"mobile":{"background-color":"var(--ast-global-color-5)","background-image":"","background-repeat":"repeat","background-position":"center center","background-size":"auto","background-attachment":"scroll","background-type":"","background-media":"","overlay-type":"","overlay-color":"","overlay-opacity":"","overlay-gradient":""}},"footnotes":""},"class_list":["post-15","page","type-page","status-publish","hentry"],"_links":{"self":[{"href":"https:\/\/auriga.webdeboda.com\/index.php\/wp-json\/wp\/v2\/pages\/15","targetHints":{"allow":["GET"]}}],"collection":[{"href":"https:\/\/auriga.webdeboda.com\/index.php\/wp-json\/wp\/v2\/pages"}],"about":[{"href":"https:\/\/auriga.webdeboda.com\/index.php\/wp-json\/wp\/v2\/types\/page"}],"author":[{"embeddable":true,"href":"https:\/\/auriga.webdeboda.com\/index.php\/wp-json\/wp\/v2\/users\/1"}],"replies":[{"embeddable":true,"href":"https:\/\/auriga.webdeboda.com\/index.php\/wp-json\/wp\/v2\/comments?post=15"}],"version-history":[{"count":41,"href":"https:\/\/auriga.webdeboda.com\/index.php\/wp-json\/wp\/v2\/pages\/15\/revisions"}],"predecessor-version":[{"id":1914,"href":"https:\/\/auriga.webdeboda.com\/index.php\/wp-json\/wp\/v2\/pages\/15\/revisions\/1914"}],"wp:attachment":[{"href":"https:\/\/auriga.webdeboda.com\/index.php\/wp-json\/wp\/v2\/media?parent=15"}],"curies":[{"name":"wp","href":"https:\/\/api.w.org\/{rel}","templated":true}]}}