{"id":16,"date":"2021-11-21T15:14:44","date_gmt":"2021-11-21T15:14:44","guid":{"rendered":"https:\/\/auriga.webdeboda.com\/index.php\/contact\/"},"modified":"2024-01-22T16:51:15","modified_gmt":"2024-01-22T16:51:15","slug":"confirma-tu-asistencia","status":"publish","type":"page","link":"https:\/\/auriga.webdeboda.com\/index.php\/confirma-tu-asistencia\/","title":{"rendered":"Confirma tu asistencia"},"content":{"rendered":"\t\t<div data-elementor-type=\"wp-page\" data-elementor-id=\"16\" class=\"elementor elementor-16\">\n\t\t\t\t\t\t<section class=\"elementor-section elementor-top-section elementor-element elementor-element-6713cc3 elementor-section-height-min-height elementor-section-boxed elementor-section-height-default elementor-section-items-middle\" data-id=\"6713cc3\" data-element_type=\"section\" data-settings=\"{&quot;background_background&quot;:&quot;classic&quot;}\">\n\t\t\t\t\t\t\t<div class=\"elementor-background-overlay\"><\/div>\n\t\t\t\t\t\t\t<div class=\"elementor-container elementor-column-gap-default\">\n\t\t\t\t\t<div class=\"elementor-column elementor-col-100 elementor-top-column elementor-element elementor-element-ddcf7e8\" data-id=\"ddcf7e8\" data-element_type=\"column\" data-settings=\"{&quot;background_background&quot;:&quot;classic&quot;}\">\n\t\t\t<div class=\"elementor-widget-wrap elementor-element-populated\">\n\t\t\t\t\t\t<div class=\"elementor-element elementor-element-9654805 elementor-widget elementor-widget-heading\" data-id=\"9654805\" data-element_type=\"widget\" data-widget_type=\"heading.default\">\n\t\t\t\t<div class=\"elementor-widget-container\">\n\t\t\t\t\t<h1 class=\"elementor-heading-title elementor-size-default\">\u00bfNos acompa\u00f1ais?<\/h1>\t\t\t\t<\/div>\n\t\t\t\t<\/div>\n\t\t\t\t<div class=\"elementor-element elementor-element-2a15f02 elementor-widget elementor-widget-text-editor\" data-id=\"2a15f02\" data-element_type=\"widget\" data-widget_type=\"text-editor.default\">\n\t\t\t\t<div class=\"elementor-widget-container\">\n\t\t\t\t\t\t\t\t\t<p>Para nosotros es muy importante saber cu\u00e1ntos invitados vendr\u00e1n para poder preparar la organizaci\u00f3n de la boda.\u00a0Por favor, confirmarnos vuestra asistencia indicando cuantas personas ser\u00e9is.<\/p>\t\t\t\t\t\t\t\t<\/div>\n\t\t\t\t<\/div>\n\t\t\t\t<div class=\"elementor-element elementor-element-4df7653 eael-wpforms-labels-yes eael-wpforms-form-button-custom elementor-widget elementor-widget-eael-wpforms\" data-id=\"4df7653\" data-element_type=\"widget\" data-widget_type=\"eael-wpforms.default\">\n\t\t\t\t<div class=\"elementor-widget-container\">\n\t\t\t\t\t            <div class=\"eael-contact-form eael-wpforms eael-wpforms-align-default\">\n                                <div class=\"wpforms-container \" id=\"wpforms-6\"><form id=\"wpforms-form-6\" class=\"wpforms-validate wpforms-form wpforms-ajax-form\" data-formid=\"6\" method=\"post\" enctype=\"multipart\/form-data\" action=\"\/index.php\/wp-json\/wp\/v2\/pages\/16\" data-token=\"5bff1ba83d09620c629e26c1217d71a7\" data-token-time=\"1776621346\"><div class=\"wpforms-head-container\"><\/div><noscript class=\"wpforms-error-noscript\">Por favor, activa JavaScript en tu navegador para completar este formulario.<\/noscript><div class=\"wpforms-field-container\"><div id=\"wpforms-6-field_0-container\" class=\"wpforms-field wpforms-field-name\" data-field-id=\"0\"><label class=\"wpforms-field-label wpforms-label-hide\">Nombre<\/label><div class=\"wpforms-field-row wpforms-field-large\"><div class=\"wpforms-field-row-block wpforms-first wpforms-one-half\"><input type=\"text\" id=\"wpforms-6-field_0\" class=\"wpforms-field-name-first\" name=\"wpforms[fields][0][first]\" ><label for=\"wpforms-6-field_0\" class=\"wpforms-field-sublabel after\">Nombre<\/label><\/div><div class=\"wpforms-field-row-block wpforms-one-half\"><input type=\"text\" id=\"wpforms-6-field_0-last\" class=\"wpforms-field-name-last\" name=\"wpforms[fields][0][last]\" ><label for=\"wpforms-6-field_0-last\" class=\"wpforms-field-sublabel after\">Apellidos<\/label><\/div><\/div><\/div><div id=\"wpforms-6-field_5-container\" class=\"wpforms-field wpforms-field-select wpforms-field-select-style-classic\" data-field-id=\"5\"><label class=\"wpforms-field-label wpforms-label-hide\" for=\"wpforms-6-field_5\">\u00bfAsistir\u00e1s?<\/label><select id=\"wpforms-6-field_5\" class=\"wpforms-field-medium\" name=\"wpforms[fields][5]\"><option value=\"\" class=\"placeholder\" disabled  selected='selected'>\u00bfAsistir\u00e1s?<\/option><option value=\"Si\" >Si<\/option><option value=\"Lo siento, no podr\u00e9 ir\" >Lo siento, no podr\u00e9 ir<\/option><\/select><\/div><div id=\"wpforms-6-field_6-container\" class=\"wpforms-field wpforms-field-select wpforms-field-select-style-classic\" data-field-id=\"6\"><label class=\"wpforms-field-label wpforms-label-hide\" for=\"wpforms-6-field_6\">\u00bfCu\u00e1ntos ser\u00e9is?<\/label><select id=\"wpforms-6-field_6\" class=\"wpforms-field-medium\" name=\"wpforms[fields][6]\"><option value=\"\" class=\"placeholder\" disabled  selected='selected'>\u00bfCu\u00e1ntos ser\u00e9is?<\/option><option value=\"Si\" >Si<\/option><option value=\"Lo siento, no podr\u00e9 ir\" >Lo siento, no podr\u00e9 ir<\/option><\/select><\/div><div id=\"wpforms-6-field_2-container\" class=\"wpforms-field wpforms-field-textarea\" data-field-id=\"2\"><label class=\"wpforms-field-label wpforms-label-hide\" for=\"wpforms-6-field_2\">Comentarios<\/label><textarea id=\"wpforms-6-field_2\" class=\"wpforms-field-medium\" name=\"wpforms[fields][2]\" placeholder=\"Comentarios\" ><\/textarea><\/div><\/div><!-- .wpforms-field-container --><div class=\"wpforms-submit-container\" ><input type=\"hidden\" name=\"wpforms[id]\" value=\"6\"><input type=\"hidden\" name=\"page_title\" value=\"\"><input type=\"hidden\" name=\"page_url\" value=\"https:\/\/auriga.webdeboda.com\/index.php\/wp-json\/wp\/v2\/pages\/16\"><input type=\"hidden\" name=\"url_referer\" value=\"\"><button type=\"submit\" name=\"wpforms[submit]\" id=\"wpforms-submit-6\" class=\"wpforms-submit\" data-alt-text=\"Enviando...\" data-submit-text=\"Enviar\" aria-live=\"assertive\" value=\"wpforms-submit\">Enviar<\/button><img decoding=\"async\" src=\"https:\/\/auriga.webdeboda.com\/wp-content\/plugins\/wpforms-lite\/assets\/images\/submit-spin.svg\" class=\"wpforms-submit-spinner\" style=\"display: none;\" width=\"26\" height=\"26\" alt=\"Cargando\"><\/div><\/form><\/div>  <!-- .wpforms-container -->            <\/div>\n\t\t\t\t<\/div>\n\t\t\t\t<\/div>\n\t\t\t\t\t<\/div>\n\t\t<\/div>\n\t\t\t\t\t<\/div>\n\t\t<\/section>\n\t\t\t\t<\/div>\n\t\t","protected":false},"excerpt":{"rendered":"<p>\u00bfNos acompa\u00f1ais? Para nosotros es muy importante saber cu\u00e1ntos invitados vendr\u00e1n para poder preparar la organizaci\u00f3n de la boda.\u00a0Por favor, confirmarnos vuestra asistencia indicando cuantas personas ser\u00e9is. Por favor, activa JavaScript en tu navegador para completar este formulario.NombreNombreApellidos\u00bfAsistir\u00e1s?\u00bfAsistir\u00e1s?SiLo siento, no podr\u00e9 ir\u00bfCu\u00e1ntos ser\u00e9is?\u00bfCu\u00e1ntos ser\u00e9is?SiLo siento, no podr\u00e9 irComentarios Enviar<\/p>\n","protected":false},"author":1,"featured_media":0,"parent":0,"menu_order":0,"comment_status":"closed","ping_status":"closed","template":"","meta":{"_monsterinsights_skip_tracking":false,"_monsterinsights_sitenote_active":false,"_monsterinsights_sitenote_note":"","_monsterinsights_sitenote_category":0,"site-sidebar-layout":"no-sidebar","site-content-layout":"page-builder","ast-site-content-layout":"default","site-content-style":"default","site-sidebar-style":"default","ast-global-header-display":"","ast-banner-title-visibility":"","ast-main-header-display":"","ast-hfb-above-header-display":"","ast-hfb-below-header-display":"","ast-hfb-mobile-header-display":"","site-post-title":"disabled","ast-breadcrumbs-content":"","ast-featured-img":"disabled","footer-sml-layout":"","theme-transparent-header-meta":"enabled","adv-header-id-meta":"","stick-header-meta":"","header-above-stick-meta":"","header-main-stick-meta":"","header-below-stick-meta":"","astra-migrate-meta-layouts":"default","ast-page-background-enabled":"default","ast-page-background-meta":{"desktop":{"background-color":"var(--ast-global-color-4)","background-image":"","background-repeat":"repeat","background-position":"center center","background-size":"auto","background-attachment":"scroll","background-type":"","background-media":"","overlay-type":"","overlay-color":"","overlay-opacity":"","overlay-gradient":""},"tablet":{"background-color":"","background-image":"","background-repeat":"repeat","background-position":"center center","background-size":"auto","background-attachment":"scroll","background-type":"","background-media":"","overlay-type":"","overlay-color":"","overlay-opacity":"","overlay-gradient":""},"mobile":{"background-color":"","background-image":"","background-repeat":"repeat","background-position":"center center","background-size":"auto","background-attachment":"scroll","background-type":"","background-media":"","overlay-type":"","overlay-color":"","overlay-opacity":"","overlay-gradient":""}},"ast-content-background-meta":{"desktop":{"background-color":"var(--ast-global-color-5)","background-image":"","background-repeat":"repeat","background-position":"center center","background-size":"auto","background-attachment":"scroll","background-type":"","background-media":"","overlay-type":"","overlay-color":"","overlay-opacity":"","overlay-gradient":""},"tablet":{"background-color":"var(--ast-global-color-5)","background-image":"","background-repeat":"repeat","background-position":"center center","background-size":"auto","background-attachment":"scroll","background-type":"","background-media":"","overlay-type":"","overlay-color":"","overlay-opacity":"","overlay-gradient":""},"mobile":{"background-color":"var(--ast-global-color-5)","background-image":"","background-repeat":"repeat","background-position":"center center","background-size":"auto","background-attachment":"scroll","background-type":"","background-media":"","overlay-type":"","overlay-color":"","overlay-opacity":"","overlay-gradient":""}},"footnotes":""},"class_list":["post-16","page","type-page","status-publish","hentry"],"_links":{"self":[{"href":"https:\/\/auriga.webdeboda.com\/index.php\/wp-json\/wp\/v2\/pages\/16","targetHints":{"allow":["GET"]}}],"collection":[{"href":"https:\/\/auriga.webdeboda.com\/index.php\/wp-json\/wp\/v2\/pages"}],"about":[{"href":"https:\/\/auriga.webdeboda.com\/index.php\/wp-json\/wp\/v2\/types\/page"}],"author":[{"embeddable":true,"href":"https:\/\/auriga.webdeboda.com\/index.php\/wp-json\/wp\/v2\/users\/1"}],"replies":[{"embeddable":true,"href":"https:\/\/auriga.webdeboda.com\/index.php\/wp-json\/wp\/v2\/comments?post=16"}],"version-history":[{"count":47,"href":"https:\/\/auriga.webdeboda.com\/index.php\/wp-json\/wp\/v2\/pages\/16\/revisions"}],"predecessor-version":[{"id":1899,"href":"https:\/\/auriga.webdeboda.com\/index.php\/wp-json\/wp\/v2\/pages\/16\/revisions\/1899"}],"wp:attachment":[{"href":"https:\/\/auriga.webdeboda.com\/index.php\/wp-json\/wp\/v2\/media?parent=16"}],"curies":[{"name":"wp","href":"https:\/\/api.w.org\/{rel}","templated":true}]}}